{"id":9723,"date":"2022-10-07T14:31:50","date_gmt":"2022-10-07T18:31:50","guid":{"rendered":"https:\/\/ueat.io\/?page_id=9723"},"modified":"2024-05-29T15:59:06","modified_gmt":"2024-05-29T19:59:06","slug":"inscription","status":"publish","type":"page","link":"https:\/\/ueat.io\/fr\/inscription\/","title":{"rendered":"Inscription"},"content":{"rendered":"\t\t<div data-elementor-type=\"wp-page\" data-elementor-id=\"9723\" class=\"elementor elementor-9723 elementor-9721\" data-elementor-post-type=\"page\">\n\t\t\t\t\t\t<section class=\"elementor-section elementor-top-section elementor-element elementor-element-7442b4c elementor-section-boxed elementor-section-height-default elementor-section-height-default\" data-id=\"7442b4c\" data-element_type=\"section\" data-settings=\"{&quot;jet_parallax_layout_list&quot;:[]}\">\n\t\t\t\t\t\t<div class=\"elementor-container elementor-column-gap-default\">\n\t\t\t\t\t<div class=\"elementor-column elementor-col-100 elementor-top-column elementor-element elementor-element-c9ec17a\" data-id=\"c9ec17a\" data-element_type=\"column\">\n\t\t\t<div class=\"elementor-widget-wrap elementor-element-populated\">\n\t\t\t\t\t\t<div class=\"elementor-element elementor-element-1a3ad77 elementor-widget elementor-widget-spacer\" data-id=\"1a3ad77\" data-element_type=\"widget\" data-widget_type=\"spacer.default\">\n\t\t\t\t<div class=\"elementor-widget-container\">\n\t\t\t\t\t\t\t<div class=\"elementor-spacer\">\n\t\t\t<div class=\"elementor-spacer-inner\"><\/div>\n\t\t<\/div>\n\t\t\t\t\t\t<\/div>\n\t\t\t\t<\/div>\n\t\t\t\t\t<\/div>\n\t\t<\/div>\n\t\t\t\t\t<\/div>\n\t\t<\/section>\n\t\t\t\t<section class=\"elementor-section elementor-top-section elementor-element elementor-element-bcd82bf elementor-section-boxed elementor-section-height-default elementor-section-height-default\" data-id=\"bcd82bf\" data-element_type=\"section\" data-settings=\"{&quot;jet_parallax_layout_list&quot;:[]}\">\n\t\t\t\t\t\t<div class=\"elementor-container elementor-column-gap-default\">\n\t\t\t\t\t<div class=\"elementor-column elementor-col-50 elementor-top-column elementor-element elementor-element-988f9f0 jedv-enabled--yes\" data-id=\"988f9f0\" data-element_type=\"column\">\n\t\t\t<div class=\"elementor-widget-wrap elementor-element-populated\">\n\t\t\t\t\t\t<div class=\"elementor-element elementor-element-58bd53a elementor-widget elementor-widget-heading\" data-id=\"58bd53a\" data-element_type=\"widget\" data-widget_type=\"heading.default\">\n\t\t\t\t<div class=\"elementor-widget-container\">\n\t\t\t\t\t<h2 class=\"elementor-heading-title elementor-size-default\">Remplissez le formulaire et parlez \u00e0 un expert<\/h2>\t\t\t\t<\/div>\n\t\t\t\t<\/div>\n\t\t\t\t<div class=\"elementor-element elementor-element-47e17f6 elementor-widget elementor-widget-text-editor\" data-id=\"47e17f6\" data-element_type=\"widget\" data-widget_type=\"text-editor.default\">\n\t\t\t\t<div class=\"elementor-widget-container\">\n\t\t\t\t\t\t\t\t\t<p>Avec UEAT, vous b\u00e9n\u00e9ficiez de nombreux avantages:<\/p>\t\t\t\t\t\t\t\t<\/div>\n\t\t\t\t<\/div>\n\t\t\t\t<div class=\"elementor-element elementor-element-9f69e29 elementor-position-left elementor-mobile-position-left elementor-view-default elementor-vertical-align-top elementor-widget elementor-widget-icon-box\" data-id=\"9f69e29\" data-element_type=\"widget\" data-widget_type=\"icon-box.default\">\n\t\t\t\t<div class=\"elementor-widget-container\">\n\t\t\t\t\t\t\t<div class=\"elementor-icon-box-wrapper\">\n\n\t\t\t\t\t\t<div class=\"elementor-icon-box-icon\">\n\t\t\t\t<span  class=\"elementor-icon\">\n\t\t\t\t<i aria-hidden=\"true\" class=\"fal fa-check-circle\"><\/i>\t\t\t\t<\/span>\n\t\t\t<\/div>\n\t\t\t\n\t\t\t\t\t\t<div class=\"elementor-icon-box-content\">\n\n\t\t\t\t\n\t\t\t\t\t\t\t\t\t<p class=\"elementor-icon-box-description\">\n\t\t\t\t\t\tUne \u00e9quipe succ\u00e8s client d\u00e9di\u00e9e \u00e0 maximiser le succ\u00e8s des ventes en ligne de votre restaurant.\t\t\t\t\t<\/p>\n\t\t\t\t\n\t\t\t<\/div>\n\t\t\t\n\t\t<\/div>\n\t\t\t\t\t\t<\/div>\n\t\t\t\t<\/div>\n\t\t\t\t<div class=\"elementor-element elementor-element-1fcf0f5 elementor-position-left elementor-mobile-position-left elementor-view-default elementor-vertical-align-top elementor-widget elementor-widget-icon-box\" data-id=\"1fcf0f5\" data-element_type=\"widget\" data-widget_type=\"icon-box.default\">\n\t\t\t\t<div class=\"elementor-widget-container\">\n\t\t\t\t\t\t\t<div class=\"elementor-icon-box-wrapper\">\n\n\t\t\t\t\t\t<div class=\"elementor-icon-box-icon\">\n\t\t\t\t<span  class=\"elementor-icon\">\n\t\t\t\t<i aria-hidden=\"true\" class=\"fal fa-check-circle\"><\/i>\t\t\t\t<\/span>\n\t\t\t<\/div>\n\t\t\t\n\t\t\t\t\t\t<div class=\"elementor-icon-box-content\">\n\n\t\t\t\t\n\t\t\t\t\t\t\t\t\t<p class=\"elementor-icon-box-description\">\n\t\t\t\t\t\tSoutien 24\/7, de la part d'\u00eatres humains, en chair et en os qui se soucient de vous.\t\t\t\t\t<\/p>\n\t\t\t\t\n\t\t\t<\/div>\n\t\t\t\n\t\t<\/div>\n\t\t\t\t\t\t<\/div>\n\t\t\t\t<\/div>\n\t\t\t\t<div class=\"elementor-element elementor-element-738265c elementor-position-left elementor-mobile-position-left elementor-view-default elementor-vertical-align-top elementor-widget elementor-widget-icon-box\" data-id=\"738265c\" data-element_type=\"widget\" data-widget_type=\"icon-box.default\">\n\t\t\t\t<div class=\"elementor-widget-container\">\n\t\t\t\t\t\t\t<div class=\"elementor-icon-box-wrapper\">\n\n\t\t\t\t\t\t<div class=\"elementor-icon-box-icon\">\n\t\t\t\t<span  class=\"elementor-icon\">\n\t\t\t\t<i aria-hidden=\"true\" class=\"fal fa-check-circle\"><\/i>\t\t\t\t<\/span>\n\t\t\t<\/div>\n\t\t\t\n\t\t\t\t\t\t<div class=\"elementor-icon-box-content\">\n\n\t\t\t\t\n\t\t\t\t\t\t\t\t\t<p class=\"elementor-icon-box-description\">\n\t\t\t\t\t\tInstallation et maintenance \u00e0 l'\u00e9chelle du Canada par Moneris services sur site <a href=\"https:\/\/ueat.io\/fr\/borne-de-commande-libre-service\/\" style=\"font-size: 1em; color:#ff5851\">la borne de commande libre-service.<\/a>\t\t\t\t\t<\/p>\n\t\t\t\t\n\t\t\t<\/div>\n\t\t\t\n\t\t<\/div>\n\t\t\t\t\t\t<\/div>\n\t\t\t\t<\/div>\n\t\t\t\t<div class=\"elementor-element elementor-element-50fa064 elementor-position-left elementor-mobile-position-left elementor-view-default elementor-vertical-align-top elementor-widget elementor-widget-icon-box\" data-id=\"50fa064\" data-element_type=\"widget\" data-widget_type=\"icon-box.default\">\n\t\t\t\t<div class=\"elementor-widget-container\">\n\t\t\t\t\t\t\t<div class=\"elementor-icon-box-wrapper\">\n\n\t\t\t\t\t\t<div class=\"elementor-icon-box-icon\">\n\t\t\t\t<span  class=\"elementor-icon\">\n\t\t\t\t<i aria-hidden=\"true\" class=\"fal fa-check-circle\"><\/i>\t\t\t\t<\/span>\n\t\t\t<\/div>\n\t\t\t\n\t\t\t\t\t\t<div class=\"elementor-icon-box-content\">\n\n\t\t\t\t\n\t\t\t\t\t\t\t\t\t<p class=\"elementor-icon-box-description\">\n\t\t\t\t\t\tDes formations pour vous aider \u00e0 tirer le maximum de nos solutions\t\t\t\t\t<\/p>\n\t\t\t\t\n\t\t\t<\/div>\n\t\t\t\n\t\t<\/div>\n\t\t\t\t\t\t<\/div>\n\t\t\t\t<\/div>\n\t\t\t\t\t<\/div>\n\t\t<\/div>\n\t\t\t\t<div class=\"elementor-column elementor-col-50 elementor-top-column elementor-element elementor-element-580e942\" data-id=\"580e942\" data-element_type=\"column\">\n\t\t\t<div class=\"elementor-widget-wrap elementor-element-populated\">\n\t\t\t\t\t\t<div class=\"elementor-element elementor-element-f97eca6 jedv-enabled--yes elementor-widget-tablet__width-inherit elementor-widget elementor-widget-html\" data-id=\"f97eca6\" data-element_type=\"widget\" data-widget_type=\"html.default\">\n\t\t\t\t<div class=\"elementor-widget-container\">\n\t\t\t\t\t<iframe frameborder=\"0\" scrolling=\"no\" style=\"height:95em; border:none;\" src=\" https:\/\/forms.zohopublic.com\/magiroux\/form\/RequestaDemoConsultationFR\/formperma\/Qy9ci8zPRNqH9PNFhGYJn1LzWNLLOs_rJbFkSWFWTgk\n\"><\/iframe>\t\t\t\t<\/div>\n\t\t\t\t<\/div>\n\t\t\t\t\t<\/div>\n\t\t<\/div>\n\t\t\t\t\t<\/div>\n\t\t<\/section>\n\t\t\t\t<\/div>\n\t\t","protected":false},"excerpt":{"rendered":"<p>Remplissez le formulaire et parlez \u00e0 un expert Avec UEAT, vous b\u00e9n\u00e9ficiez de nombreux avantages: Une \u00e9quipe succ\u00e8s client d\u00e9di\u00e9e \u00e0 maximiser le succ\u00e8s des ventes en ligne de votre restaurant. Soutien 24\/7, de la part d&rsquo;\u00eatres humains, en chair et en os qui se soucient de vous. Installation et maintenance \u00e0 l&rsquo;\u00e9chelle du Canada &hellip; <a href=\"https:\/\/ueat.io\/fr\/inscription\/\">Continued<\/a><\/p>\n","protected":false},"author":35,"featured_media":0,"parent":0,"menu_order":136,"comment_status":"closed","ping_status":"closed","template":"elementor_header_footer","meta":{"_acf_changed":false,"footnotes":"","_links_to":"","_links_to_target":""},"class_list":["post-9723","page","type-page","status-publish","hentry"],"acf":[],"yoast_head":"<!-- This site is optimized with the Yoast SEO plugin v25.3.1 - https:\/\/yoast.com\/wordpress\/plugins\/seo\/ -->\n<title>Inscription | UEAT<\/title>\n<meta name=\"description\" content=\"Inscrivez-vous \u00e0 UEAT et fournissez les meilleurs outils \u00e0 votre restaurant pour maximiser vos revenus et simplifier vos op\u00e9rations.\" \/>\n<meta name=\"robots\" content=\"index, follow, max-snippet:-1, max-image-preview:large, max-video-preview:-1\" \/>\n<link rel=\"canonical\" href=\"https:\/\/ueat.io\/fr\/inscription\/\" \/>\n<meta property=\"og:locale\" content=\"fr_FR\" \/>\n<meta property=\"og:type\" content=\"article\" \/>\n<meta property=\"og:title\" content=\"Inscription | UEAT\" \/>\n<meta property=\"og:description\" content=\"Inscrivez-vous \u00e0 UEAT et fournissez les meilleurs outils \u00e0 votre restaurant pour maximiser vos revenus et simplifier vos op\u00e9rations.\" \/>\n<meta property=\"og:url\" content=\"https:\/\/ueat.io\/fr\/inscription\/\" \/>\n<meta property=\"og:site_name\" content=\"UEAT\" \/>\n<meta property=\"article:modified_time\" content=\"2024-05-29T19:59:06+00:00\" \/>\n<meta property=\"og:image\" content=\"https:\/\/ueat.io\/wp-content\/uploads\/2021\/03\/OG-Image-1.jpg\" \/>\n\t<meta property=\"og:image:width\" content=\"1200\" \/>\n\t<meta property=\"og:image:height\" content=\"630\" \/>\n\t<meta property=\"og:image:type\" content=\"image\/jpeg\" \/>\n<meta name=\"twitter:card\" content=\"summary_large_image\" \/>\n<meta name=\"twitter:label1\" content=\"Dur\u00e9e de lecture estim\u00e9e\" \/>\n\t<meta name=\"twitter:data1\" content=\"1 minute\" \/>\n<script type=\"application\/ld+json\" class=\"yoast-schema-graph\">{\"@context\":\"https:\/\/schema.org\",\"@graph\":[{\"@type\":\"WebPage\",\"@id\":\"https:\/\/ueat.io\/fr\/inscription\/\",\"url\":\"https:\/\/ueat.io\/fr\/inscription\/\",\"name\":\"Inscription | UEAT\",\"isPartOf\":{\"@id\":\"https:\/\/ueat.io\/en\/#website\"},\"datePublished\":\"2022-10-07T18:31:50+00:00\",\"dateModified\":\"2024-05-29T19:59:06+00:00\",\"description\":\"Inscrivez-vous \u00e0 UEAT et fournissez les meilleurs outils \u00e0 votre restaurant pour maximiser vos revenus et simplifier vos op\u00e9rations.\",\"breadcrumb\":{\"@id\":\"https:\/\/ueat.io\/fr\/inscription\/#breadcrumb\"},\"inLanguage\":\"fr-FR\",\"potentialAction\":[{\"@type\":\"ReadAction\",\"target\":[\"https:\/\/ueat.io\/fr\/inscription\/\"]}]},{\"@type\":\"BreadcrumbList\",\"@id\":\"https:\/\/ueat.io\/fr\/inscription\/#breadcrumb\",\"itemListElement\":[{\"@type\":\"ListItem\",\"position\":1,\"name\":\"Home\",\"item\":\"https:\/\/ueat.io\/en\/\"},{\"@type\":\"ListItem\",\"position\":2,\"name\":\"Inscription\"}]},{\"@type\":\"WebSite\",\"@id\":\"https:\/\/ueat.io\/en\/#website\",\"url\":\"https:\/\/ueat.io\/en\/\",\"name\":\"UEAT\",\"description\":\"Online ordering platform for restaurants\",\"publisher\":{\"@id\":\"https:\/\/ueat.io\/en\/#organization\"},\"potentialAction\":[{\"@type\":\"SearchAction\",\"target\":{\"@type\":\"EntryPoint\",\"urlTemplate\":\"https:\/\/ueat.io\/en\/?s={search_term_string}\"},\"query-input\":{\"@type\":\"PropertyValueSpecification\",\"valueRequired\":true,\"valueName\":\"search_term_string\"}}],\"inLanguage\":\"fr-FR\"},{\"@type\":\"Organization\",\"@id\":\"https:\/\/ueat.io\/en\/#organization\",\"name\":\"UEAT\",\"url\":\"https:\/\/ueat.io\/en\/\",\"logo\":{\"@type\":\"ImageObject\",\"inLanguage\":\"fr-FR\",\"@id\":\"https:\/\/ueat.io\/en\/#\/schema\/logo\/image\/\",\"url\":\"https:\/\/ueat.io\/wp-content\/uploads\/2021\/03\/Logo-Black_Byline.png\",\"contentUrl\":\"https:\/\/ueat.io\/wp-content\/uploads\/2021\/03\/Logo-Black_Byline.png\",\"width\":741,\"height\":98,\"caption\":\"UEAT\"},\"image\":{\"@id\":\"https:\/\/ueat.io\/en\/#\/schema\/logo\/image\/\"}}]}<\/script>\n<!-- \/ Yoast SEO plugin. -->","yoast_head_json":{"title":"Inscription | UEAT","description":"Inscrivez-vous \u00e0 UEAT et fournissez les meilleurs outils \u00e0 votre restaurant pour maximiser vos revenus et simplifier vos op\u00e9rations.","robots":{"index":"index","follow":"follow","max-snippet":"max-snippet:-1","max-image-preview":"max-image-preview:large","max-video-preview":"max-video-preview:-1"},"canonical":"https:\/\/ueat.io\/fr\/inscription\/","og_locale":"fr_FR","og_type":"article","og_title":"Inscription | UEAT","og_description":"Inscrivez-vous \u00e0 UEAT et fournissez les meilleurs outils \u00e0 votre restaurant pour maximiser vos revenus et simplifier vos op\u00e9rations.","og_url":"https:\/\/ueat.io\/fr\/inscription\/","og_site_name":"UEAT","article_modified_time":"2024-05-29T19:59:06+00:00","og_image":[{"width":1200,"height":630,"url":"https:\/\/ueat.io\/wp-content\/uploads\/2021\/03\/OG-Image-1.jpg","type":"image\/jpeg"}],"twitter_card":"summary_large_image","twitter_misc":{"Dur\u00e9e de lecture estim\u00e9e":"1 minute"},"schema":{"@context":"https:\/\/schema.org","@graph":[{"@type":"WebPage","@id":"https:\/\/ueat.io\/fr\/inscription\/","url":"https:\/\/ueat.io\/fr\/inscription\/","name":"Inscription | UEAT","isPartOf":{"@id":"https:\/\/ueat.io\/en\/#website"},"datePublished":"2022-10-07T18:31:50+00:00","dateModified":"2024-05-29T19:59:06+00:00","description":"Inscrivez-vous \u00e0 UEAT et fournissez les meilleurs outils \u00e0 votre restaurant pour maximiser vos revenus et simplifier vos op\u00e9rations.","breadcrumb":{"@id":"https:\/\/ueat.io\/fr\/inscription\/#breadcrumb"},"inLanguage":"fr-FR","potentialAction":[{"@type":"ReadAction","target":["https:\/\/ueat.io\/fr\/inscription\/"]}]},{"@type":"BreadcrumbList","@id":"https:\/\/ueat.io\/fr\/inscription\/#breadcrumb","itemListElement":[{"@type":"ListItem","position":1,"name":"Home","item":"https:\/\/ueat.io\/en\/"},{"@type":"ListItem","position":2,"name":"Inscription"}]},{"@type":"WebSite","@id":"https:\/\/ueat.io\/en\/#website","url":"https:\/\/ueat.io\/en\/","name":"UEAT","description":"Online ordering platform for restaurants","publisher":{"@id":"https:\/\/ueat.io\/en\/#organization"},"potentialAction":[{"@type":"SearchAction","target":{"@type":"EntryPoint","urlTemplate":"https:\/\/ueat.io\/en\/?s={search_term_string}"},"query-input":{"@type":"PropertyValueSpecification","valueRequired":true,"valueName":"search_term_string"}}],"inLanguage":"fr-FR"},{"@type":"Organization","@id":"https:\/\/ueat.io\/en\/#organization","name":"UEAT","url":"https:\/\/ueat.io\/en\/","logo":{"@type":"ImageObject","inLanguage":"fr-FR","@id":"https:\/\/ueat.io\/en\/#\/schema\/logo\/image\/","url":"https:\/\/ueat.io\/wp-content\/uploads\/2021\/03\/Logo-Black_Byline.png","contentUrl":"https:\/\/ueat.io\/wp-content\/uploads\/2021\/03\/Logo-Black_Byline.png","width":741,"height":98,"caption":"UEAT"},"image":{"@id":"https:\/\/ueat.io\/en\/#\/schema\/logo\/image\/"}}]}},"_links":{"self":[{"href":"https:\/\/ueat.io\/fr\/wp-json\/wp\/v2\/pages\/9723","targetHints":{"allow":["GET"]}}],"collection":[{"href":"https:\/\/ueat.io\/fr\/wp-json\/wp\/v2\/pages"}],"about":[{"href":"https:\/\/ueat.io\/fr\/wp-json\/wp\/v2\/types\/page"}],"author":[{"embeddable":true,"href":"https:\/\/ueat.io\/fr\/wp-json\/wp\/v2\/users\/35"}],"replies":[{"embeddable":true,"href":"https:\/\/ueat.io\/fr\/wp-json\/wp\/v2\/comments?post=9723"}],"version-history":[{"count":10,"href":"https:\/\/ueat.io\/fr\/wp-json\/wp\/v2\/pages\/9723\/revisions"}],"predecessor-version":[{"id":35301,"href":"https:\/\/ueat.io\/fr\/wp-json\/wp\/v2\/pages\/9723\/revisions\/35301"}],"wp:attachment":[{"href":"https:\/\/ueat.io\/fr\/wp-json\/wp\/v2\/media?parent=9723"}],"curies":[{"name":"wp","href":"https:\/\/api.w.org\/{rel}","templated":true}]}}