{"id":1853,"date":"2021-03-08T14:10:33","date_gmt":"2021-03-08T19:10:33","guid":{"rendered":"https:\/\/ueat.io\/resources-center\/"},"modified":"2021-11-18T09:47:48","modified_gmt":"2021-11-18T14:47:48","slug":"centre-de-ressources","status":"publish","type":"page","link":"https:\/\/ueat.io\/fr\/centre-de-ressources\/","title":{"rendered":"Ressources"},"content":{"rendered":"","protected":false},"excerpt":{"rendered":"","protected":false},"author":1,"featured_media":0,"parent":0,"menu_order":119,"comment_status":"closed","ping_status":"closed","template":"views\/template-resources.blade.php","meta":{"_acf_changed":false,"footnotes":"","_links_to":"","_links_to_target":""},"class_list":["post-1853","page","type-page","status-publish","hentry"],"acf":[],"yoast_head":"<!-- This site is optimized with the Yoast SEO plugin v25.3.1 - https:\/\/yoast.com\/wordpress\/plugins\/seo\/ -->\n<title>Outil de commande en ligne, trucs et conseils | Centre de ressources<\/title>\n<meta name=\"description\" content=\"Vous trouverez de nombreux outils simples pour gagner du terrain aupr\u00e8s de vos clients et g\u00e9n\u00e9rer plus de ventes.\" \/>\n<meta name=\"robots\" content=\"index, follow, max-snippet:-1, max-image-preview:large, max-video-preview:-1\" \/>\n<link rel=\"canonical\" href=\"https:\/\/ueat.io\/fr\/centre-de-ressources\/\" \/>\n<meta property=\"og:locale\" content=\"fr_FR\" \/>\n<meta property=\"og:type\" content=\"article\" \/>\n<meta property=\"og:title\" content=\"Outil de commande en ligne, trucs et conseils | Centre de ressources\" \/>\n<meta property=\"og:description\" content=\"Vous trouverez de nombreux outils simples pour gagner du terrain aupr\u00e8s de vos clients et g\u00e9n\u00e9rer plus de ventes.\" \/>\n<meta property=\"og:url\" content=\"https:\/\/ueat.io\/fr\/centre-de-ressources\/\" \/>\n<meta property=\"og:site_name\" content=\"UEAT\" \/>\n<meta property=\"article:modified_time\" content=\"2021-11-18T14:47:48+00:00\" \/>\n<meta property=\"og:image\" content=\"https:\/\/ueat.io\/wp-content\/uploads\/2021\/03\/OG-Image-1.jpg\" \/>\n\t<meta property=\"og:image:width\" content=\"1200\" \/>\n\t<meta property=\"og:image:height\" content=\"630\" \/>\n\t<meta property=\"og:image:type\" content=\"image\/jpeg\" \/>\n<meta name=\"twitter:card\" content=\"summary_large_image\" \/>\n<script type=\"application\/ld+json\" class=\"yoast-schema-graph\">{\"@context\":\"https:\/\/schema.org\",\"@graph\":[{\"@type\":\"WebPage\",\"@id\":\"https:\/\/ueat.io\/fr\/centre-de-ressources\/\",\"url\":\"https:\/\/ueat.io\/fr\/centre-de-ressources\/\",\"name\":\"Outil de commande en ligne, trucs et conseils | Centre de ressources\",\"isPartOf\":{\"@id\":\"https:\/\/ueat.io\/en\/#website\"},\"datePublished\":\"2021-03-08T19:10:33+00:00\",\"dateModified\":\"2021-11-18T14:47:48+00:00\",\"description\":\"Vous trouverez de nombreux outils simples pour gagner du terrain aupr\u00e8s de vos clients et g\u00e9n\u00e9rer plus de ventes.\",\"breadcrumb\":{\"@id\":\"https:\/\/ueat.io\/fr\/centre-de-ressources\/#breadcrumb\"},\"inLanguage\":\"fr-FR\",\"potentialAction\":[{\"@type\":\"ReadAction\",\"target\":[\"https:\/\/ueat.io\/fr\/centre-de-ressources\/\"]}]},{\"@type\":\"BreadcrumbList\",\"@id\":\"https:\/\/ueat.io\/fr\/centre-de-ressources\/#breadcrumb\",\"itemListElement\":[{\"@type\":\"ListItem\",\"position\":1,\"name\":\"Home\",\"item\":\"https:\/\/ueat.io\/en\/\"},{\"@type\":\"ListItem\",\"position\":2,\"name\":\"Ressources\"}]},{\"@type\":\"WebSite\",\"@id\":\"https:\/\/ueat.io\/en\/#website\",\"url\":\"https:\/\/ueat.io\/en\/\",\"name\":\"UEAT\",\"description\":\"Online ordering platform for restaurants\",\"publisher\":{\"@id\":\"https:\/\/ueat.io\/en\/#organization\"},\"potentialAction\":[{\"@type\":\"SearchAction\",\"target\":{\"@type\":\"EntryPoint\",\"urlTemplate\":\"https:\/\/ueat.io\/en\/?s={search_term_string}\"},\"query-input\":{\"@type\":\"PropertyValueSpecification\",\"valueRequired\":true,\"valueName\":\"search_term_string\"}}],\"inLanguage\":\"fr-FR\"},{\"@type\":\"Organization\",\"@id\":\"https:\/\/ueat.io\/en\/#organization\",\"name\":\"UEAT\",\"url\":\"https:\/\/ueat.io\/en\/\",\"logo\":{\"@type\":\"ImageObject\",\"inLanguage\":\"fr-FR\",\"@id\":\"https:\/\/ueat.io\/en\/#\/schema\/logo\/image\/\",\"url\":\"https:\/\/ueat.io\/wp-content\/uploads\/2021\/03\/Logo-Black_Byline.png\",\"contentUrl\":\"https:\/\/ueat.io\/wp-content\/uploads\/2021\/03\/Logo-Black_Byline.png\",\"width\":741,\"height\":98,\"caption\":\"UEAT\"},\"image\":{\"@id\":\"https:\/\/ueat.io\/en\/#\/schema\/logo\/image\/\"}}]}<\/script>\n<!-- \/ Yoast SEO plugin. -->","yoast_head_json":{"title":"Outil de commande en ligne, trucs et conseils | Centre de ressources","description":"Vous trouverez de nombreux outils simples pour gagner du terrain aupr\u00e8s de vos clients et g\u00e9n\u00e9rer plus de ventes.","robots":{"index":"index","follow":"follow","max-snippet":"max-snippet:-1","max-image-preview":"max-image-preview:large","max-video-preview":"max-video-preview:-1"},"canonical":"https:\/\/ueat.io\/fr\/centre-de-ressources\/","og_locale":"fr_FR","og_type":"article","og_title":"Outil de commande en ligne, trucs et conseils | Centre de ressources","og_description":"Vous trouverez de nombreux outils simples pour gagner du terrain aupr\u00e8s de vos clients et g\u00e9n\u00e9rer plus de ventes.","og_url":"https:\/\/ueat.io\/fr\/centre-de-ressources\/","og_site_name":"UEAT","article_modified_time":"2021-11-18T14:47:48+00:00","og_image":[{"width":1200,"height":630,"url":"https:\/\/ueat.io\/wp-content\/uploads\/2021\/03\/OG-Image-1.jpg","type":"image\/jpeg"}],"twitter_card":"summary_large_image","schema":{"@context":"https:\/\/schema.org","@graph":[{"@type":"WebPage","@id":"https:\/\/ueat.io\/fr\/centre-de-ressources\/","url":"https:\/\/ueat.io\/fr\/centre-de-ressources\/","name":"Outil de commande en ligne, trucs et conseils | Centre de ressources","isPartOf":{"@id":"https:\/\/ueat.io\/en\/#website"},"datePublished":"2021-03-08T19:10:33+00:00","dateModified":"2021-11-18T14:47:48+00:00","description":"Vous trouverez de nombreux outils simples pour gagner du terrain aupr\u00e8s de vos clients et g\u00e9n\u00e9rer plus de ventes.","breadcrumb":{"@id":"https:\/\/ueat.io\/fr\/centre-de-ressources\/#breadcrumb"},"inLanguage":"fr-FR","potentialAction":[{"@type":"ReadAction","target":["https:\/\/ueat.io\/fr\/centre-de-ressources\/"]}]},{"@type":"BreadcrumbList","@id":"https:\/\/ueat.io\/fr\/centre-de-ressources\/#breadcrumb","itemListElement":[{"@type":"ListItem","position":1,"name":"Home","item":"https:\/\/ueat.io\/en\/"},{"@type":"ListItem","position":2,"name":"Ressources"}]},{"@type":"WebSite","@id":"https:\/\/ueat.io\/en\/#website","url":"https:\/\/ueat.io\/en\/","name":"UEAT","description":"Online ordering platform for restaurants","publisher":{"@id":"https:\/\/ueat.io\/en\/#organization"},"potentialAction":[{"@type":"SearchAction","target":{"@type":"EntryPoint","urlTemplate":"https:\/\/ueat.io\/en\/?s={search_term_string}"},"query-input":{"@type":"PropertyValueSpecification","valueRequired":true,"valueName":"search_term_string"}}],"inLanguage":"fr-FR"},{"@type":"Organization","@id":"https:\/\/ueat.io\/en\/#organization","name":"UEAT","url":"https:\/\/ueat.io\/en\/","logo":{"@type":"ImageObject","inLanguage":"fr-FR","@id":"https:\/\/ueat.io\/en\/#\/schema\/logo\/image\/","url":"https:\/\/ueat.io\/wp-content\/uploads\/2021\/03\/Logo-Black_Byline.png","contentUrl":"https:\/\/ueat.io\/wp-content\/uploads\/2021\/03\/Logo-Black_Byline.png","width":741,"height":98,"caption":"UEAT"},"image":{"@id":"https:\/\/ueat.io\/en\/#\/schema\/logo\/image\/"}}]}},"_links":{"self":[{"href":"https:\/\/ueat.io\/fr\/wp-json\/wp\/v2\/pages\/1853","targetHints":{"allow":["GET"]}}],"collection":[{"href":"https:\/\/ueat.io\/fr\/wp-json\/wp\/v2\/pages"}],"about":[{"href":"https:\/\/ueat.io\/fr\/wp-json\/wp\/v2\/types\/page"}],"author":[{"embeddable":true,"href":"https:\/\/ueat.io\/fr\/wp-json\/wp\/v2\/users\/1"}],"replies":[{"embeddable":true,"href":"https:\/\/ueat.io\/fr\/wp-json\/wp\/v2\/comments?post=1853"}],"version-history":[{"count":5,"href":"https:\/\/ueat.io\/fr\/wp-json\/wp\/v2\/pages\/1853\/revisions"}],"predecessor-version":[{"id":2468,"href":"https:\/\/ueat.io\/fr\/wp-json\/wp\/v2\/pages\/1853\/revisions\/2468"}],"wp:attachment":[{"href":"https:\/\/ueat.io\/fr\/wp-json\/wp\/v2\/media?parent=1853"}],"curies":[{"name":"wp","href":"https:\/\/api.w.org\/{rel}","templated":true}]}}