{"id":11024,"date":"2023-03-30T09:52:03","date_gmt":"2023-03-30T13:52:03","guid":{"rendered":"https:\/\/ueat.io\/?page_id=11024"},"modified":"2024-05-30T08:14:28","modified_gmt":"2024-05-30T12:14:28","slug":"reservez-votre-kiosk","status":"publish","type":"page","link":"https:\/\/ueat.io\/fr\/reservez-votre-kiosk\/","title":{"rendered":"Obtenez une \u00e9valuation KIOSK"},"content":{"rendered":"\t\t<div data-elementor-type=\"wp-page\" data-elementor-id=\"11024\" class=\"elementor elementor-11024\" data-elementor-post-type=\"page\">\n\t\t\t\t\t\t<section class=\"elementor-section elementor-top-section elementor-element elementor-element-e57a884 elementor-section-boxed elementor-section-height-default elementor-section-height-default\" data-id=\"e57a884\" data-element_type=\"section\" data-settings=\"{&quot;jet_parallax_layout_list&quot;:[]}\">\n\t\t\t\t\t\t<div class=\"elementor-container elementor-column-gap-default\">\n\t\t\t\t\t<div class=\"elementor-column elementor-col-100 elementor-top-column elementor-element elementor-element-90a668e\" data-id=\"90a668e\" data-element_type=\"column\">\n\t\t\t<div class=\"elementor-widget-wrap elementor-element-populated\">\n\t\t\t\t\t\t<div class=\"elementor-element elementor-element-ff9b57a elementor-widget elementor-widget-spacer\" data-id=\"ff9b57a\" data-element_type=\"widget\" data-widget_type=\"spacer.default\">\n\t\t\t\t<div class=\"elementor-widget-container\">\n\t\t\t\t\t\t\t<div class=\"elementor-spacer\">\n\t\t\t<div class=\"elementor-spacer-inner\"><\/div>\n\t\t<\/div>\n\t\t\t\t\t\t<\/div>\n\t\t\t\t<\/div>\n\t\t\t\t\t<\/div>\n\t\t<\/div>\n\t\t\t\t\t<\/div>\n\t\t<\/section>\n\t\t\t\t<section class=\"elementor-section elementor-top-section elementor-element elementor-element-d82c0cf jedv-enabled--yes elementor-section-boxed elementor-section-height-default elementor-section-height-default\" data-id=\"d82c0cf\" data-element_type=\"section\" data-settings=\"{&quot;jet_parallax_layout_list&quot;:[]}\">\n\t\t\t\t\t\t<div class=\"elementor-container elementor-column-gap-default\">\n\t\t\t\t\t<div class=\"elementor-column elementor-col-50 elementor-top-column elementor-element elementor-element-5160554\" data-id=\"5160554\" data-element_type=\"column\">\n\t\t\t<div class=\"elementor-widget-wrap elementor-element-populated\">\n\t\t\t\t\t\t<div class=\"elementor-element elementor-element-37c19a3 elementor-widget elementor-widget-heading\" data-id=\"37c19a3\" data-element_type=\"widget\" data-widget_type=\"heading.default\">\n\t\t\t\t<div class=\"elementor-widget-container\">\n\t\t\t\t\t<h3 class=\"elementor-heading-title elementor-size-default\">Remplissez le formulaire et discutez avec un expert de tous les avantages de la borne de commande pour votre restaurant.<\/h3>\t\t\t\t<\/div>\n\t\t\t\t<\/div>\n\t\t\t\t<div class=\"elementor-element elementor-element-5065a29 elementor-widget elementor-widget-spacer\" data-id=\"5065a29\" data-element_type=\"widget\" data-widget_type=\"spacer.default\">\n\t\t\t\t<div class=\"elementor-widget-container\">\n\t\t\t\t\t\t\t<div class=\"elementor-spacer\">\n\t\t\t<div class=\"elementor-spacer-inner\"><\/div>\n\t\t<\/div>\n\t\t\t\t\t\t<\/div>\n\t\t\t\t<\/div>\n\t\t\t\t<div class=\"elementor-element elementor-element-160bdbc elementor-widget elementor-widget-text-editor\" data-id=\"160bdbc\" data-element_type=\"widget\" data-widget_type=\"text-editor.default\">\n\t\t\t\t<div class=\"elementor-widget-container\">\n\t\t\t\t\t\t\t\t\t<p>N&rsquo;\u00e9prouvez plus jamais de regret technologique! Profitez de la borne de commande Moneris propuls\u00e9e par UEAT pour maximiser vos ventes avec moins d&rsquo;effort!<\/p>\t\t\t\t\t\t\t\t<\/div>\n\t\t\t\t<\/div>\n\t\t\t\t<div class=\"elementor-element elementor-element-3292c93 elementor-widget elementor-widget-spacer\" data-id=\"3292c93\" data-element_type=\"widget\" data-widget_type=\"spacer.default\">\n\t\t\t\t<div class=\"elementor-widget-container\">\n\t\t\t\t\t\t\t<div class=\"elementor-spacer\">\n\t\t\t<div class=\"elementor-spacer-inner\"><\/div>\n\t\t<\/div>\n\t\t\t\t\t\t<\/div>\n\t\t\t\t<\/div>\n\t\t\t\t<div class=\"elementor-element elementor-element-b1bd3e0 elementor-icon-list--layout-traditional elementor-list-item-link-full_width elementor-widget elementor-widget-icon-list\" data-id=\"b1bd3e0\" data-element_type=\"widget\" data-widget_type=\"icon-list.default\">\n\t\t\t\t<div class=\"elementor-widget-container\">\n\t\t\t\t\t\t\t<ul class=\"elementor-icon-list-items\">\n\t\t\t\t\t\t\t<li class=\"elementor-icon-list-item\">\n\t\t\t\t\t\t\t\t\t\t\t<span class=\"elementor-icon-list-icon\">\n\t\t\t\t\t\t\t<svg aria-hidden=\"true\" class=\"e-font-icon-svg e-far-check-circle\" viewBox=\"0 0 512 512\" xmlns=\"http:\/\/www.w3.org\/2000\/svg\"><path d=\"M256 8C119.033 8 8 119.033 8 256s111.033 248 248 248 248-111.033 248-248S392.967 8 256 8zm0 48c110.532 0 200 89.451 200 200 0 110.532-89.451 200-200 200-110.532 0-200-89.451-200-200 0-110.532 89.451-200 200-200m140.204 130.267l-22.536-22.718c-4.667-4.705-12.265-4.736-16.97-.068L215.346 303.697l-59.792-60.277c-4.667-4.705-12.265-4.736-16.97-.069l-22.719 22.536c-4.705 4.667-4.736 12.265-.068 16.971l90.781 91.516c4.667 4.705 12.265 4.736 16.97.068l172.589-171.204c4.704-4.668 4.734-12.266.067-16.971z\"><\/path><\/svg>\t\t\t\t\t\t<\/span>\n\t\t\t\t\t\t\t\t\t\t<span class=\"elementor-icon-list-text\">Ventes incitatives avec menu enti\u00e8rement visuel<\/span>\n\t\t\t\t\t\t\t\t\t<\/li>\n\t\t\t\t\t\t\t\t<li class=\"elementor-icon-list-item\">\n\t\t\t\t\t\t\t\t\t\t\t<span class=\"elementor-icon-list-icon\">\n\t\t\t\t\t\t\t<svg aria-hidden=\"true\" class=\"e-font-icon-svg e-far-check-circle\" viewBox=\"0 0 512 512\" xmlns=\"http:\/\/www.w3.org\/2000\/svg\"><path d=\"M256 8C119.033 8 8 119.033 8 256s111.033 248 248 248 248-111.033 248-248S392.967 8 256 8zm0 48c110.532 0 200 89.451 200 200 0 110.532-89.451 200-200 200-110.532 0-200-89.451-200-200 0-110.532 89.451-200 200-200m140.204 130.267l-22.536-22.718c-4.667-4.705-12.265-4.736-16.97-.068L215.346 303.697l-59.792-60.277c-4.667-4.705-12.265-4.736-16.97-.069l-22.719 22.536c-4.705 4.667-4.736 12.265-.068 16.971l90.781 91.516c4.667 4.705 12.265 4.736 16.97.068l172.589-171.204c4.704-4.668 4.734-12.266.067-16.971z\"><\/path><\/svg>\t\t\t\t\t\t<\/span>\n\t\t\t\t\t\t\t\t\t\t<span class=\"elementor-icon-list-text\">Acc\u00e9l\u00e8re le processus de commande<\/span>\n\t\t\t\t\t\t\t\t\t<\/li>\n\t\t\t\t\t\t\t\t<li class=\"elementor-icon-list-item\">\n\t\t\t\t\t\t\t\t\t\t\t<span class=\"elementor-icon-list-icon\">\n\t\t\t\t\t\t\t<svg aria-hidden=\"true\" class=\"e-font-icon-svg e-far-check-circle\" viewBox=\"0 0 512 512\" xmlns=\"http:\/\/www.w3.org\/2000\/svg\"><path d=\"M256 8C119.033 8 8 119.033 8 256s111.033 248 248 248 248-111.033 248-248S392.967 8 256 8zm0 48c110.532 0 200 89.451 200 200 0 110.532-89.451 200-200 200-110.532 0-200-89.451-200-200 0-110.532 89.451-200 200-200m140.204 130.267l-22.536-22.718c-4.667-4.705-12.265-4.736-16.97-.068L215.346 303.697l-59.792-60.277c-4.667-4.705-12.265-4.736-16.97-.069l-22.719 22.536c-4.705 4.667-4.736 12.265-.068 16.971l90.781 91.516c4.667 4.705 12.265 4.736 16.97.068l172.589-171.204c4.704-4.668 4.734-12.266.067-16.971z\"><\/path><\/svg>\t\t\t\t\t\t<\/span>\n\t\t\t\t\t\t\t\t\t\t<span class=\"elementor-icon-list-text\">Augmente l'efficacit\u00e9 globale<\/span>\n\t\t\t\t\t\t\t\t\t<\/li>\n\t\t\t\t\t\t\t\t<li class=\"elementor-icon-list-item\">\n\t\t\t\t\t\t\t\t\t\t\t<span class=\"elementor-icon-list-icon\">\n\t\t\t\t\t\t\t<svg aria-hidden=\"true\" class=\"e-font-icon-svg e-far-check-circle\" viewBox=\"0 0 512 512\" xmlns=\"http:\/\/www.w3.org\/2000\/svg\"><path d=\"M256 8C119.033 8 8 119.033 8 256s111.033 248 248 248 248-111.033 248-248S392.967 8 256 8zm0 48c110.532 0 200 89.451 200 200 0 110.532-89.451 200-200 200-110.532 0-200-89.451-200-200 0-110.532 89.451-200 200-200m140.204 130.267l-22.536-22.718c-4.667-4.705-12.265-4.736-16.97-.068L215.346 303.697l-59.792-60.277c-4.667-4.705-12.265-4.736-16.97-.069l-22.719 22.536c-4.705 4.667-4.736 12.265-.068 16.971l90.781 91.516c4.667 4.705 12.265 4.736 16.97.068l172.589-171.204c4.704-4.668 4.734-12.266.067-16.971z\"><\/path><\/svg>\t\t\t\t\t\t<\/span>\n\t\t\t\t\t\t\t\t\t\t<span class=\"elementor-icon-list-text\">R\u00e9duit les temps d'attente<\/span>\n\t\t\t\t\t\t\t\t\t<\/li>\n\t\t\t\t\t\t\t\t<li class=\"elementor-icon-list-item\">\n\t\t\t\t\t\t\t\t\t\t\t<span class=\"elementor-icon-list-icon\">\n\t\t\t\t\t\t\t<svg aria-hidden=\"true\" class=\"e-font-icon-svg e-far-check-circle\" viewBox=\"0 0 512 512\" xmlns=\"http:\/\/www.w3.org\/2000\/svg\"><path d=\"M256 8C119.033 8 8 119.033 8 256s111.033 248 248 248 248-111.033 248-248S392.967 8 256 8zm0 48c110.532 0 200 89.451 200 200 0 110.532-89.451 200-200 200-110.532 0-200-89.451-200-200 0-110.532 89.451-200 200-200m140.204 130.267l-22.536-22.718c-4.667-4.705-12.265-4.736-16.97-.068L215.346 303.697l-59.792-60.277c-4.667-4.705-12.265-4.736-16.97-.069l-22.719 22.536c-4.705 4.667-4.736 12.265-.068 16.971l90.781 91.516c4.667 4.705 12.265 4.736 16.97.068l172.589-171.204c4.704-4.668 4.734-12.266.067-16.971z\"><\/path><\/svg>\t\t\t\t\t\t<\/span>\n\t\t\t\t\t\t\t\t\t\t<span class=\"elementor-icon-list-text\">Op\u00e9rer avec moins de personnel<\/span>\n\t\t\t\t\t\t\t\t\t<\/li>\n\t\t\t\t\t\t\t\t<li class=\"elementor-icon-list-item\">\n\t\t\t\t\t\t\t\t\t\t\t<span class=\"elementor-icon-list-icon\">\n\t\t\t\t\t\t\t<svg aria-hidden=\"true\" class=\"e-font-icon-svg e-far-check-circle\" viewBox=\"0 0 512 512\" xmlns=\"http:\/\/www.w3.org\/2000\/svg\"><path d=\"M256 8C119.033 8 8 119.033 8 256s111.033 248 248 248 248-111.033 248-248S392.967 8 256 8zm0 48c110.532 0 200 89.451 200 200 0 110.532-89.451 200-200 200-110.532 0-200-89.451-200-200 0-110.532 89.451-200 200-200m140.204 130.267l-22.536-22.718c-4.667-4.705-12.265-4.736-16.97-.068L215.346 303.697l-59.792-60.277c-4.667-4.705-12.265-4.736-16.97-.069l-22.719 22.536c-4.705 4.667-4.736 12.265-.068 16.971l90.781 91.516c4.667 4.705 12.265 4.736 16.97.068l172.589-171.204c4.704-4.668 4.734-12.266.067-16.971z\"><\/path><\/svg>\t\t\t\t\t\t<\/span>\n\t\t\t\t\t\t\t\t\t\t<span class=\"elementor-icon-list-text\">R\u00e9duit les co\u00fbts d'impression des menus<\/span>\n\t\t\t\t\t\t\t\t\t<\/li>\n\t\t\t\t\t\t<\/ul>\n\t\t\t\t\t\t<\/div>\n\t\t\t\t<\/div>\n\t\t\t\t\t<\/div>\n\t\t<\/div>\n\t\t\t\t<div class=\"elementor-column elementor-col-50 elementor-top-column elementor-element elementor-element-9cf7e0d\" data-id=\"9cf7e0d\" data-element_type=\"column\">\n\t\t\t<div class=\"elementor-widget-wrap elementor-element-populated\">\n\t\t\t\t\t\t<div class=\"elementor-element elementor-element-480333f jedv-enabled--yes elementor-widget elementor-widget-html\" data-id=\"480333f\" data-element_type=\"widget\" data-widget_type=\"html.default\">\n\t\t\t\t<div class=\"elementor-widget-container\">\n\t\t\t\t\t<iframe frameborder=\"0\" scrolling=\"no\" style=\"height:1150px; border:none;\" src=\"https:\/\/forms.zohopublic.com\/magiroux\/form\/RequestaQuoteKioskFR\/formperma\/bdrqqGnhjfgyBAiIcnl0xD1w9mj-VDR_eoQo_DHCJCo\"><\/iframe>\t\t\t\t<\/div>\n\t\t\t\t<\/div>\n\t\t\t\t\t<\/div>\n\t\t<\/div>\n\t\t\t\t\t<\/div>\n\t\t<\/section>\n\t\t\t\t<\/div>\n\t\t","protected":false},"excerpt":{"rendered":"<p>Remplissez le formulaire et discutez avec un expert de tous les avantages de la borne de commande pour votre restaurant. N&rsquo;\u00e9prouvez plus jamais de regret technologique! Profitez de la borne de commande Moneris propuls\u00e9e par UEAT pour maximiser vos ventes avec moins d&rsquo;effort! Ventes incitatives avec menu enti\u00e8rement visuel Acc\u00e9l\u00e8re le processus de commande Augmente &hellip; <a href=\"https:\/\/ueat.io\/fr\/reservez-votre-kiosk\/\">Continued<\/a><\/p>\n","protected":false},"author":35,"featured_media":0,"parent":0,"menu_order":136,"comment_status":"closed","ping_status":"closed","template":"elementor_header_footer","meta":{"_acf_changed":false,"footnotes":"","_links_to":"","_links_to_target":""},"class_list":["post-11024","page","type-page","status-publish","hentry"],"acf":[],"yoast_head":"<!-- This site is optimized with the Yoast SEO plugin v25.3.1 - https:\/\/yoast.com\/wordpress\/plugins\/seo\/ -->\n<title>Obtenez une \u00e9valuation KIOSK | UEAT<\/title>\n<meta name=\"description\" content=\"Obtenez une \u00e9valuation personnalis\u00e9es \u00e0 vos besoins. Apprenez comment UEAT peut vous aider \u00e0 augmenter vos profits et baisser vos co\u00fbts d&#039;exploitations.\" \/>\n<meta name=\"robots\" content=\"index, follow, max-snippet:-1, max-image-preview:large, max-video-preview:-1\" \/>\n<link rel=\"canonical\" href=\"https:\/\/ueat.io\/fr\/reservez-votre-kiosk\/\" \/>\n<meta property=\"og:locale\" content=\"fr_FR\" \/>\n<meta property=\"og:type\" content=\"article\" \/>\n<meta property=\"og:title\" content=\"Obtenez une \u00e9valuation KIOSK | UEAT\" \/>\n<meta property=\"og:description\" content=\"Obtenez une \u00e9valuation personnalis\u00e9es \u00e0 vos besoins. Apprenez comment UEAT peut vous aider \u00e0 augmenter vos profits et baisser vos co\u00fbts d&#039;exploitations.\" \/>\n<meta property=\"og:url\" content=\"https:\/\/ueat.io\/fr\/reservez-votre-kiosk\/\" \/>\n<meta property=\"og:site_name\" content=\"UEAT\" \/>\n<meta property=\"article:modified_time\" content=\"2024-05-30T12:14:28+00:00\" \/>\n<meta property=\"og:image\" content=\"https:\/\/ueat.io\/wp-content\/uploads\/2021\/03\/OG-Image-1.jpg\" \/>\n\t<meta property=\"og:image:width\" content=\"1200\" \/>\n\t<meta property=\"og:image:height\" content=\"630\" \/>\n\t<meta property=\"og:image:type\" content=\"image\/jpeg\" \/>\n<meta name=\"twitter:card\" content=\"summary_large_image\" \/>\n<meta name=\"twitter:label1\" content=\"Dur\u00e9e de lecture estim\u00e9e\" \/>\n\t<meta name=\"twitter:data1\" content=\"1 minute\" \/>\n<script type=\"application\/ld+json\" class=\"yoast-schema-graph\">{\"@context\":\"https:\/\/schema.org\",\"@graph\":[{\"@type\":\"WebPage\",\"@id\":\"https:\/\/ueat.io\/fr\/reservez-votre-kiosk\/\",\"url\":\"https:\/\/ueat.io\/fr\/reservez-votre-kiosk\/\",\"name\":\"Obtenez une \u00e9valuation KIOSK | UEAT\",\"isPartOf\":{\"@id\":\"https:\/\/ueat.io\/en\/#website\"},\"datePublished\":\"2023-03-30T13:52:03+00:00\",\"dateModified\":\"2024-05-30T12:14:28+00:00\",\"description\":\"Obtenez une \u00e9valuation personnalis\u00e9es \u00e0 vos besoins. Apprenez comment UEAT peut vous aider \u00e0 augmenter vos profits et baisser vos co\u00fbts d'exploitations.\",\"breadcrumb\":{\"@id\":\"https:\/\/ueat.io\/fr\/reservez-votre-kiosk\/#breadcrumb\"},\"inLanguage\":\"fr-FR\",\"potentialAction\":[{\"@type\":\"ReadAction\",\"target\":[\"https:\/\/ueat.io\/fr\/reservez-votre-kiosk\/\"]}]},{\"@type\":\"BreadcrumbList\",\"@id\":\"https:\/\/ueat.io\/fr\/reservez-votre-kiosk\/#breadcrumb\",\"itemListElement\":[{\"@type\":\"ListItem\",\"position\":1,\"name\":\"Home\",\"item\":\"https:\/\/ueat.io\/en\/\"},{\"@type\":\"ListItem\",\"position\":2,\"name\":\"Obtenez une \u00e9valuation KIOSK\"}]},{\"@type\":\"WebSite\",\"@id\":\"https:\/\/ueat.io\/en\/#website\",\"url\":\"https:\/\/ueat.io\/en\/\",\"name\":\"UEAT\",\"description\":\"Online ordering platform for restaurants\",\"publisher\":{\"@id\":\"https:\/\/ueat.io\/en\/#organization\"},\"potentialAction\":[{\"@type\":\"SearchAction\",\"target\":{\"@type\":\"EntryPoint\",\"urlTemplate\":\"https:\/\/ueat.io\/en\/?s={search_term_string}\"},\"query-input\":{\"@type\":\"PropertyValueSpecification\",\"valueRequired\":true,\"valueName\":\"search_term_string\"}}],\"inLanguage\":\"fr-FR\"},{\"@type\":\"Organization\",\"@id\":\"https:\/\/ueat.io\/en\/#organization\",\"name\":\"UEAT\",\"url\":\"https:\/\/ueat.io\/en\/\",\"logo\":{\"@type\":\"ImageObject\",\"inLanguage\":\"fr-FR\",\"@id\":\"https:\/\/ueat.io\/en\/#\/schema\/logo\/image\/\",\"url\":\"https:\/\/ueat.io\/wp-content\/uploads\/2021\/03\/Logo-Black_Byline.png\",\"contentUrl\":\"https:\/\/ueat.io\/wp-content\/uploads\/2021\/03\/Logo-Black_Byline.png\",\"width\":741,\"height\":98,\"caption\":\"UEAT\"},\"image\":{\"@id\":\"https:\/\/ueat.io\/en\/#\/schema\/logo\/image\/\"}}]}<\/script>\n<!-- \/ Yoast SEO plugin. -->","yoast_head_json":{"title":"Obtenez une \u00e9valuation KIOSK | UEAT","description":"Obtenez une \u00e9valuation personnalis\u00e9es \u00e0 vos besoins. Apprenez comment UEAT peut vous aider \u00e0 augmenter vos profits et baisser vos co\u00fbts d'exploitations.","robots":{"index":"index","follow":"follow","max-snippet":"max-snippet:-1","max-image-preview":"max-image-preview:large","max-video-preview":"max-video-preview:-1"},"canonical":"https:\/\/ueat.io\/fr\/reservez-votre-kiosk\/","og_locale":"fr_FR","og_type":"article","og_title":"Obtenez une \u00e9valuation KIOSK | UEAT","og_description":"Obtenez une \u00e9valuation personnalis\u00e9es \u00e0 vos besoins. Apprenez comment UEAT peut vous aider \u00e0 augmenter vos profits et baisser vos co\u00fbts d'exploitations.","og_url":"https:\/\/ueat.io\/fr\/reservez-votre-kiosk\/","og_site_name":"UEAT","article_modified_time":"2024-05-30T12:14:28+00:00","og_image":[{"width":1200,"height":630,"url":"https:\/\/ueat.io\/wp-content\/uploads\/2021\/03\/OG-Image-1.jpg","type":"image\/jpeg"}],"twitter_card":"summary_large_image","twitter_misc":{"Dur\u00e9e de lecture estim\u00e9e":"1 minute"},"schema":{"@context":"https:\/\/schema.org","@graph":[{"@type":"WebPage","@id":"https:\/\/ueat.io\/fr\/reservez-votre-kiosk\/","url":"https:\/\/ueat.io\/fr\/reservez-votre-kiosk\/","name":"Obtenez une \u00e9valuation KIOSK | UEAT","isPartOf":{"@id":"https:\/\/ueat.io\/en\/#website"},"datePublished":"2023-03-30T13:52:03+00:00","dateModified":"2024-05-30T12:14:28+00:00","description":"Obtenez une \u00e9valuation personnalis\u00e9es \u00e0 vos besoins. Apprenez comment UEAT peut vous aider \u00e0 augmenter vos profits et baisser vos co\u00fbts d'exploitations.","breadcrumb":{"@id":"https:\/\/ueat.io\/fr\/reservez-votre-kiosk\/#breadcrumb"},"inLanguage":"fr-FR","potentialAction":[{"@type":"ReadAction","target":["https:\/\/ueat.io\/fr\/reservez-votre-kiosk\/"]}]},{"@type":"BreadcrumbList","@id":"https:\/\/ueat.io\/fr\/reservez-votre-kiosk\/#breadcrumb","itemListElement":[{"@type":"ListItem","position":1,"name":"Home","item":"https:\/\/ueat.io\/en\/"},{"@type":"ListItem","position":2,"name":"Obtenez une \u00e9valuation KIOSK"}]},{"@type":"WebSite","@id":"https:\/\/ueat.io\/en\/#website","url":"https:\/\/ueat.io\/en\/","name":"UEAT","description":"Online ordering platform for restaurants","publisher":{"@id":"https:\/\/ueat.io\/en\/#organization"},"potentialAction":[{"@type":"SearchAction","target":{"@type":"EntryPoint","urlTemplate":"https:\/\/ueat.io\/en\/?s={search_term_string}"},"query-input":{"@type":"PropertyValueSpecification","valueRequired":true,"valueName":"search_term_string"}}],"inLanguage":"fr-FR"},{"@type":"Organization","@id":"https:\/\/ueat.io\/en\/#organization","name":"UEAT","url":"https:\/\/ueat.io\/en\/","logo":{"@type":"ImageObject","inLanguage":"fr-FR","@id":"https:\/\/ueat.io\/en\/#\/schema\/logo\/image\/","url":"https:\/\/ueat.io\/wp-content\/uploads\/2021\/03\/Logo-Black_Byline.png","contentUrl":"https:\/\/ueat.io\/wp-content\/uploads\/2021\/03\/Logo-Black_Byline.png","width":741,"height":98,"caption":"UEAT"},"image":{"@id":"https:\/\/ueat.io\/en\/#\/schema\/logo\/image\/"}}]}},"_links":{"self":[{"href":"https:\/\/ueat.io\/fr\/wp-json\/wp\/v2\/pages\/11024","targetHints":{"allow":["GET"]}}],"collection":[{"href":"https:\/\/ueat.io\/fr\/wp-json\/wp\/v2\/pages"}],"about":[{"href":"https:\/\/ueat.io\/fr\/wp-json\/wp\/v2\/types\/page"}],"author":[{"embeddable":true,"href":"https:\/\/ueat.io\/fr\/wp-json\/wp\/v2\/users\/35"}],"replies":[{"embeddable":true,"href":"https:\/\/ueat.io\/fr\/wp-json\/wp\/v2\/comments?post=11024"}],"version-history":[{"count":11,"href":"https:\/\/ueat.io\/fr\/wp-json\/wp\/v2\/pages\/11024\/revisions"}],"predecessor-version":[{"id":35311,"href":"https:\/\/ueat.io\/fr\/wp-json\/wp\/v2\/pages\/11024\/revisions\/35311"}],"wp:attachment":[{"href":"https:\/\/ueat.io\/fr\/wp-json\/wp\/v2\/media?parent=11024"}],"curies":[{"name":"wp","href":"https:\/\/api.w.org\/{rel}","templated":true}]}}